{"id":253,"date":"2013-10-11T11:45:25","date_gmt":"2013-10-11T11:45:25","guid":{"rendered":"http:\/\/www.mischa.org.uk\/?page_id=253"},"modified":"2013-11-01T21:42:19","modified_gmt":"2013-11-01T21:42:19","slug":"berichten-van-comite-drinken","status":"publish","type":"page","link":"https:\/\/www.mischa.org.uk\/?page_id=253","title":{"rendered":"Rubriek: Berichten van Comit\u00e9 Drinken"},"content":{"rendered":"<p><strong><em>Comit\u00e9 Drinken?!<\/em><\/strong><\/p>\n<p><em>Comit\u00e9 Drinken biedt vooral rust, ruimte en regelmaat voor tijd en een kopje rustgevende kruidenthee.<\/em><\/p>\n<p><em>Hieronder staan vreemde ontmoetingen, ervaringen en oprechte boosheid!<\/em><\/p>\n<p>&nbsp;<\/p>\n<p style=\"text-align: right;\"><strong>Zuidbroek, 01\/11\/2013<\/strong><\/p>\n<p><strong>Black Pete and the United Nations, dear Mrs. Shepherd<\/strong>,<\/p>\n<p>Comitee Drinken heeft Mrs. Shepherd gebeld en meteen een afspraak gemaakt om met ons eens rustig een kopje thee te drinken. Daar zaten we dan, heerlijk beschut, een behaaglijk warm herfstzonnetje en een rustgevend kruidenthee met een zelfgemaakt speculaaskoekje.<\/p>\n<p>Mevrouw Shepherd waande zich even alleen op de keeper af te kunnen gaan of een onterecht penalty te mogen benutten of een bevrijdende en de winnende goal voor open doel te scoren. Een West-Europees geciviliseerd land houdt jaarlijkse een vreemd kinderfeestje waarbij donkere geschminkte typetjes een nogal nederige rol invullen voor een look-a-like kerstman op een wit paard. Mrs. Shepherd: thought she discovered a really serious and a deep rooted kind of slavery.<\/p>\n<p>Bij het inschenken van een tweede kopje kruidenthee werd het Mrs. Shepherd al gauw duidelijk dat ze hier te maken heeft met een heus kneuterig volkstraditie, een leuk onschuldig kinderfeestje met cadeaus, gedichten, surprises en een paar vrolijke maar vooral onhandige helpers die zwart worden door slecht onderhouden schoorstenen. Niets meer niets minder, geen dubbele lagen noch stigmatiseringen of iets anders ras onvriendelijks.<\/p>\n<p>Tijden veranderen! Comite Drinken heeft nog overwogen om de hele mikmak te vervangen door grote smurf en zijn smurfen. De smurfen en zwarte pieten hebben, gek genoeg misschien, vele overeenkomsten, waaronder een identieke rolverdeling. Typetjes zoals hulppiet, mopperpiet, lolpiet, smulpiet enz. Bij de smurfen heb je brilsmurf, moppersmurf, lolsmurf, smulsmurf.<\/p>\n<p>Bovendien hoeven we niet meer bang te zijn dat ze zwart worden, want de smurfen passen werkelijk overal door, zelfs door sleutelgaten.<\/p>\n<p>With all kind regards<\/p>\n<p style=\"text-align: right;\"><strong>Zuidbroek, 16\/10\/2013<\/strong><\/p>\n<p><strong>Onze democratie&#8230;\u00a0wordt in de basis bedreigd?<\/strong><\/p>\n<p>Comit\u00e9 drinken is op grote schaal een bedreiging van onze democratie op het spoor gekomen. Een onschuldige verkiezing met \u201cblinde\u201d stemmen was de aanleiding om een diepgaand onderzoek in te stellen.<\/p>\n<p>Een voorleeswedstrijd middels een verkiezing (een lang bevochten verworvenheid) om uiteindelijk geselecteerd te worden voor een landelijk voorleespodium. Een verkiezing met duidelijk aandachtspunten\/criteria zoals een prettige voorleesstem, een pakkend verhaal en een boeiende weergave. Iedere dag, een week lang, kwamen er drie kids naar voren die een verhaal mochten voorlezen gevolgd door een klassikale stemming. Ieder mocht een &#8220;blinde&#8221; stem uitbrengen op de beste voorlezer van die dag. Althans dat was de bedoeling.<\/p>\n<p>Comit\u00e9 Drinken, wars van vooroordelen en altijd alert op misstanden, vangt bij toeval een geanimeerd gesprek op waarin nogal gedetailleerd ingegaan wordt op een geschonden afspraak (ongeschreven vastgelegd in een herenakkoord) met een klasgenootje.<\/p>\n<p>Inzet: een kiezer heeft vooraf en los van de nodige kwalificaties waaraan de voorlezer moet voldoen zijn\/haar keuze alvast voorbestemd en afgesproken, maar kiest toch op het laatste moment voor een andere kandidaat.<\/p>\n<p>Gevolg: een boze voorlezer, want de benodigde stemmen zijn niet behaald waardoor de boze voorlezer niet doordringt naar de volgende ronde.<\/p>\n<p>De consequentie: de afvallige krijgt meteen een berisping en een tijdelijke uitsluiting van het herenakkoord.<\/p>\n<p>Wat ging hieraan vooraf? Waarom werden er herenakkoorden gesloten? Al gauw viel het op dat de dames altijd op de dames stemden. De voorlezers die in de volgende rondes terechtkwamen bestonden dan ook enkel en alleen uit dames. Een groep heren werden hierover erg nijdig en hebben meteen een eigen herenakkoord gesloten. De uitslagen, die volgen laat zich raden. Het lijkt er dus nu op dat de beste verhalenverteller niet gekozen wordt vanwege zijn\/haar uitstekende kwaliteiten, zoals een briljante vertelkunst en ook niet een geniale inhoudelijk verhaal. Nee! De beste verhalen verteller wordt gekozen door achterkamertjespolitiek, handjeklap en misschien manipulatie van de stemmen. Wie zal het zeggen! Dit lijkt op een vroegtijdig doodsteek van onze democratie. Op deze manier creeren we gedrochten met gelukszoekers (HKr), opportunisten (GWi) en charlatans (MTh)<\/p>\n<p>Een democratische groet,<\/p>\n<p>&nbsp;<\/p>\n<p>&nbsp;<\/p>\n<p style=\"text-align: right;\"><strong>Zuidbroek, 20\/2\/2011<\/strong><\/p>\n<p style=\"text-align: left;\"><strong>Plein der kleuters<\/strong><\/p>\n<p>Het zat er al een tijdje aan te komen. De protesterende kleuters zorgen voor onrust onder de leerkrachten. Het begon vorig jaar al met een eenzijdig verbod, namelijk zonder enig moment van overleg een eenzijdig maatregel af te kondigen dat kleuters in de nabije omgeving niet meer met de fiets naar school mogen gaan. Dit verbod zorgde met name voor onoverkomelijke logistieke problemen van ouders en onnodige plotselinge aanpassingen in een strak geregisseerd ochtendprogramma\u2019s.<\/p>\n<p>Niet te min blijven er cruciale openstaande onvrede bestaan over onder andere de huidige huisvesting, de grootte van de groepen en niet in de laatste plaatst de speelruimte en \u2013attributen. De kleuters hekelen met name de krachteloosheid van de machthebbers der basisschool en de onbeholpen beleid van de mastodonten in de gemeente Menterwolde. Inmiddels hebben zich grote \u00a0groepen gevormd van eerste kleuters, gevorderde kleuters en beginnend jeugd die dagelijks togen naar het plein der kleuters op de wegwijzer. Het eerste succes is inmiddels geboekt, de intrekking van het fietsverbod.<\/p>\n<p>Al fietsend naar de wegwijzer, groet ik u.<\/p>\n<p>&nbsp;<\/p>\n<p style=\"text-align: right;\"><strong>Zuidbroek, 31\/10\/2010<\/strong><\/p>\n<p style=\"text-align: left;\"><strong>Pushback cars<\/strong><\/p>\n<p>Het comit\u00e9 drinken buigt zich diep over de bijzondere deal die VVD en CDA in elkaar heeft gemoffeld. Een minderheidssamenwerking met gedoogsteun van Wilders\u2019 partij van de vrijheid. Hoe idioot wil je het hebben?! Geert W. die iedere dag op een andere tijdstip en op verschillende manieren het Haagse binnenhof betreedt vanwege dagelijkse levensbedreigende dreigementen. Zo kan het zijn dat hij maandag om 09.00 uur via de zijingang binnenkomt, op dinsdag om 12.30 uur via de artiesteningang naar zijn kantoor gaat of woensdag verkleedt als Alexander Pechtold langs alle microfoons van de publieke omroepen probeert te sneaken. Maar zijn albino uitstraling is niet eenvoudig te vermommen.<\/p>\n<p>Rutte I lijkt op pushback cars. De achterwieltjes worden keurig opgewonden door ze flink achteruit te bewegen. Je laat het autootje los\u2026en daar gaat ie. Zonder obstakels gaat het prima maar ligt er iets, hoe klein ook, op zijn weg en hij zal een ongeleide koers varen. Rutte I zal zich uiteindelijk bedienen van scorebordpolitiek.<\/p>\n<p>Met een gedogende gebaar groet ik,<\/p>\n<p>&nbsp;<\/p>\n<p style=\"text-align: right;\"><strong>Zuidbroek, 28\/6\/2010<\/strong><\/p>\n<p style=\"text-align: left;\"><strong>Oranje<\/strong><\/p>\n<p>Het comit\u00e9 drinken bevindt zich in een emotionele achtbaan met te veel loopings. Oorzaak? De verkiezingsuitslag en Oranje in Zuid-Afrika! Ondanks een verwoedde poging, lees: persoonlijk brief aan Wilders, is de PVV toch de morele winnaar van de verkiezingen TK2010. De VVD is als eerste geeindigd en heeft \u00e9\u00e9n schamel zeteltje meer behaald dan de PvdA. De VVD mag dus als eerste een medespeler kiezen voor het samenstellen van een\u201dteam\u201d.<\/p>\n<p>Al in maart 2008 heeft het comit\u00e9 zich gebogen <a href=\"http:\/\/mischagroeitop.blogspot.com\/2008_03_01_archive.html\">[mirror]<\/a> over deze onbestrijdbare schimmel in de samenleving. \u00a0Het partijprogram van de pvv voorziet namelijk geen ruimte voor Europa, ontwikkelingshulp en subsidiegelden voor kunst, cultuur en publieke omroep. Het ergste waaraan het comite zich flink stoort is de toegenomen wig en stigmatisering in de samenleving.<\/p>\n<p>En dan Oranje. In aanloop naar het begin van het WK hebben we vooral kunnen kijken naar spelers die in de bus stappen, uit de bus stappen. Er worden beelden getoond van een vliegtuig richting Zuid-Afrika waarvan wordt aangenomen dat er spelers van Oranje in zitten. \u00a0Na winst op Denemarken 2-0, Japan 1-0, Kameroen 2-1 en Slowakije 2-1 ontstaat er wederom, zoals ieder twee jaar, een totaal onverklaarbare hoge verwachtingspatroon.\u00a0 De wedstrijden zijn vooralsnog niet om aan te zien maar het geeft desondanks een lichtelijk vorm van histerische saamhorigheid.<\/p>\n<p>De VVD, met Oranje als clubkleuren, wacht een zware taak. Zeg het maar; VVD, CDA, PvdA of VVD, CDA, PVV of VVD, PvdA, D\u201966, GroenLinks (paarsplus) of een minderheidskabinet met VVD en PVV of een crisiskabinet met zijwieltjes VVD, CDA, PvdA, D\u201966, GL<\/p>\n<p>Groet aan oranjegek.<\/p>\n<p>&nbsp;<\/p>\n<p style=\"text-align: right;\"><strong>Zuidbroek, 28\/10\/2009<\/strong><\/p>\n<p style=\"text-align: left;\"><strong>Poetsen<\/strong><\/p>\n<p>Het dagelijks bestuur van comit\u00e9 drinken maakt zich niet alleen zorgen over de ontwikkelingen rondom de Mexicaanse griep, maar ook over merkwaardige randverschijnselen die de virus met zich meebrengt. Het valt op, dat er regelmatig grote groepen mensen na een onbedaarlijke hoestbij van een voorbijganger of collega enorm ongeremd vals en ongelijk het refrein inzetten van Zangeres Zonder Naam, namelijk \u201cMexicoo, Mexicoohh\u2026\u201d.<\/p>\n<p>Een opvoedkundig hand voor de mond bij het niezen wordt de laatste tijd als zeer storend ervaren. Nee, de behoeftige neus wordt tegenwoordig uitgelaten aan de binnenkant van de elleboog. Geregeld worden lieden aangetroffen met lelijke slijmachtige plekken op hun mooie gestreken blouses. Een vriendelijke hand geven is er niet meer bij (en dat heeft trouwens niets te maken met een religieus karakter). Sterker nog, men ontloopt elkaar veelal met prachtige passeerbewegingen. In het verlengde hiervan, namelijk het hanteren van de ultieme hygi\u00ebne is onderhand een tweede natuur geworden. Standaard op ieders bureau staat een flesje hygi\u00ebnisch handzeep en vochtige cleaning doekjes voor de bacterierijke toetsenborden. Openbare gebouwen, huiskamers en kantoren zijn omgeven van dezelfde geuren als in ziekenhuizen, tandarts -en fysio praktijken.Er zullen ongetwijfeld berichten komen die de kantoren willen voorzien van look-a-like \u201centerprise\u201d automatische schuifdeuren voorzien van de meest intergalactische techno klanken.<\/p>\n<p>Al poetsend, groet ik u<\/p>\n<p>&nbsp;<\/p>\n<p style=\"text-align: right;\"><strong>Zuidbroek, 9\/2\/2009<\/strong><\/p>\n<p style=\"text-align: left;\"><strong>Nieuwe Theedrinkers<\/strong><\/p>\n<p>Het dagelijks bestuur van comit\u00e9 drinken heeft het zich gezellig gemaakt. Een paar dagen geleden was het leerlingenbestand gedurende een aantal weken nog behoorlijk uitgedund door een akelig en hardnekkig virus. De lichaamstemparatuurwisselingen, beter bekend onder de naam koorts, ontneemt ieders lust en vooral alle energie. De agressors, de virussen, vallen onverwacht binnen en beschikken over een angstaanjagend wapenarsenaal tegenover een verzwakt wit bloedlichaampje en een weerloos paracetamolletje.<\/p>\n<p>De dagen beginnen zich onderhand te verlengen en ik verbeeld me af en toe zingende voorjaars lokroepen van, laten we aannemen, onze huismus. Op tafel staan een ruim assortiment van heerlijk chocolaatjes, bijzondere soorten ranja, frisdranken en natuurlijk thee. Op het programma ligt een voor de hand liggend voorstel, namelijk een persoonlijke uitnodiging aan lieden, die een onbestemd gevoel van rust en regelmaat missen. Mensen, die iets te lang dwangmatig en neurotisch in een oneindige draaischijf hebben getuurd.<\/p>\n<p><strong>Bisschop Williamson en paus Benedictus XVI<\/strong><br \/>\nDe paus, Benedictus XVI nota bene zelf afkomstig uit Duitsland, heeft een voormalig geloofsafvallige opnieuw in zijn armen gesloten. De excommunicatie van Williamson is deze maand door de paus opgeheven, kort nadat hij had gezegd dat er niet zes miljoen, maar zo&#8217;n 300.000 joden door de nazi&#8217;s zijn omgebracht. Verder ontkende hij het bestaan van gaskamers in de nazi-concentratiekampen. Ons Comit\u00e9 drinken is vol ongeloof en is verbijsterd door deze schandelijke uitspraken vanuit het instituut der roomskatholieken. Zowel de paus als bisschop Williamson kunnen een vileine brief verwachten.<\/p>\n<p><strong>Gemeente Menterwolde<\/strong><b><br \/>\n<\/b>Het voltallige gemeentelijk bestuur van Menterwolde \u2013 het dorpje Zuidbroek is onderhand afgezakt naar een sociaaleconomisch ingedut afvoerputje van de Gemeente Menterwolde. De gemeenschap in dit dorpsdeel lijkt ongewild slachtoffer te zijn van vreemde financiele constructies, persoonlijke vetes en een malloot die genoegen schept in onzin. De ooit zo levendig en bruisend Zuidbroek is onderhand afgezakt naar een bedenkelijk Oostduits niveau. Met kenmerkende vervallen winkels en smoezelige gymlokalen. Onlangs is er een club van wijze mannen opgericht, een dorpsraad, om de energie weer enigszins vlot te trekken. Een aandoenlijke bezigheid of kunnen we vooruitzien naar een leuk en gezellig centrum<\/p>\n<p>Op weg naar het voorjaar, groet ik jullie<\/p>\n<p>&nbsp;<\/p>\n<p style=\"text-align: right;\"><strong>Zuidbroek, 2\/3\/2008<\/strong><\/p>\n<p style=\"text-align: left;\"><strong>Brief aan GW<\/strong><\/p>\n<p>De commissie, die comit\u00e9 drinken heeft samengesteld, heeft in een offici\u00eble persconferentie aangegeven dat er actief gezocht wordt naar lieden die een onbestemd gevoel van rust en regelmaat missen. Mensen, die te lang dwangmatig en neurotisch in een oneindige draaischijf turen, zullen door ons actief worden aangesproken.<\/p>\n<p>Inmiddels hebben we het voltallig gemeente bestuur van Reiderland aangesproken op hun twijfelachtige plannen om het dorpje Ganzedijk van de aarbodem te laten verdwijnen en de huidige bewoners legaal te verbannen of legitiem te deporteren. In opdracht van de gemeente Reiderland is er onderzoek gedaan naar de toekomst van het dorp. Conclusie: Ganzedijk is een spookdorp.<\/p>\n<p>Ons comit\u00e9 heeft slechts \u00e9\u00e9n telefoontje gepleegd en wij kwamen er al snel achter dat Ganzedijk te maken heeft met een ranzige erfenis wat onherroepelijk blijft achtervolgen, namelijk \u201cwoensdag gehaktdag\u201d. Dit is de titel van eveneens ranzige boek, waarbij het verhaal zich af zou spelen in Ganzedijk. Niets is minder waar. De twijfelachtige schrijver heeft nooit in Ganzedijk gewoond maar in het naburig en alles verklarende plaatsje Hongerige Wolf\u2026!?<\/p>\n<p>Eveneens hebben we Geert Wilders in een openbare brief laten weten zich terstond te begeven naar ons comit\u00e9 drinken, alwaar hij rustig, na een bepaalde tijd van afzondering, met een kopje thee bewust kan uitleggen waar hij zich bevindt. Hieronder staat de volledige brief afgebeeld. De heer wilders heeft inmiddels ons officieel laten weten de pot op te kunnen. Da\u2019s niet aardig van Geert.<\/p>\n<p>Al thee schenkend, groet ik jullie<\/p>\n<p><i>Geachte heer Wilders,<\/i><\/p>\n<p><i>Bijgaand ontvangt u van ons een dringend verzoek, zoniet een sommatie, om u terstond te melden. <\/i><\/p>\n<p><i>Uw vatbaarheid voor overdreven profetisch waanbeelden is onze beleving totaal misselijkmakend en beledigend. Met regelmaat vertaald u uw ongeleide gedachtenstroompjes in kwetsende one-liners en onbeholpen uitspraken, zoals \u201cmevrouw, U bent knettergek\u201d en &#8217;tsunami van islamisering&#8217;. Deze tamelijke ego\u00efstische wartaal en totale onverschilligheid is kwetsend.<\/i><\/p>\n<p><i>U banjert gedrogeerd in een porseleinkast van ons recht op vrijheid van meningsuiting en dat maakt u nagenoeg ongrijpbaar. Ook wij maken &#8220;ons grote zorgen\u201d over uw schandelijke voornemens om de kwetsende film Fitna (de beproeving) op internet te vertonen. De inhoud van de film is weliswaar nog niet bekend, maar uw intenties spreken in uw nadeel. <\/i><\/p>\n<p><i>Wij nodigen u van harte uit zich aan te melden bij de bekende adressen voor hulp behoeftige lieden<\/i><\/p>\n<p><i>We verwachten u hiermee voldoende te hebben ingelicht.<\/i><\/p>\n<p>&nbsp;<\/p>\n<p><i>Een minzame groet,<\/i><\/p>\n<p><i>Comit\u00e9 drinken<\/i><\/p>\n<p>&nbsp;<\/p>\n<p>&nbsp;<\/p>\n<p style=\"text-align: right;\"><strong>Zuidbroek, 18\/9\/2007<\/strong><\/p>\n<p style=\"text-align: left;\"><strong>De oprichting<\/strong><\/p>\n<p>In navolging van Ehsam Jami, oprichter comit\u00e9 voor ex-moslims, hebben wij in een topberaad gemeend ook een comit\u00e9 te moeten oprichten, namelijk een Centraal Comit\u00e9 Drinken\u2026!?. We hebben uiteraard getwijfeld over meerder namen voor onze nieuwe comit\u00e9, zoals <i>comit\u00e9 voorlezen-ja<\/i>, <i>comit\u00e9 \u2019s-nachts het licht aan<\/i> en <i>comit\u00e9 ik moet helemaal niks niet<\/i>. Het doel van ons onlangs nieuw opgerichte comit\u00e9 heeft \u00e9\u00e9n dubbeldoel met een natuurlijke wisselwerking richting de opvoeders. Ons comit\u00e9 biedt rust, ruimte en regelmaat voor tijd en een kopje rustgevende kruidenthee of anderszins.<\/p>\n<p>Wij willen voorkomen dat lieden in grote gebouwen verdwalen tussen alle andere vreemdsoortige comit\u00e9s als comit\u00e9 vrouwen bellen vreemde mannen en comit\u00e9s voor allerlei soorten eenmalige toelagen. De bedoeling van ons comit\u00e9 is dat er voortaan geen proefbalonnetjes worden opgelaten.<\/p>\n<p>Minister Plasterk is zo iemand die van harte welkom is om zichzelf te voorzien van rust, ruimte en regelmaat. Hij stelde immers voor om het verboden boek \u201cmein kampf\u201d weer normaal te verkrijgen is in de boekhandel en bibliotheek. Even later komt hij van zijn beslissing terug doordat de reacties te heftig waren. En zo zijn er meer die middels onbeholpen uitspraken onze gehele maatschappij naar de ratsmod\u00e9 proberen te helpen, zoals Geert Wilders, hij \u00a0stelde voor om de Koran te verbieden.<\/p>\n<p>Al (thee)drinkend groet ik u<\/p>\n","protected":false},"excerpt":{"rendered":"<p>Comit\u00e9 Drinken?! Comit\u00e9 Drinken biedt vooral rust, ruimte en regelmaat voor tijd en een kopje rustgevende kruidenthee. Hieronder staan vreemde ontmoetingen, ervaringen en oprechte boosheid! &nbsp; Zuidbroek, 01\/11\/2013 Black Pete and the United Nations, dear Mrs. Shepherd, Comitee Drinken heeft &hellip; <a href=\"https:\/\/www.mischa.org.uk\/?page_id=253\">Lees verder <span class=\"meta-nav\">&rarr;<\/span><\/a><\/p>\n","protected":false},"author":1,"featured_media":0,"parent":0,"menu_order":0,"comment_status":"open","ping_status":"open","template":"","meta":[],"_links":{"self":[{"href":"https:\/\/www.mischa.org.uk\/index.php?rest_route=\/wp\/v2\/pages\/253"}],"collection":[{"href":"https:\/\/www.mischa.org.uk\/index.php?rest_route=\/wp\/v2\/pages"}],"about":[{"href":"https:\/\/www.mischa.org.uk\/index.php?rest_route=\/wp\/v2\/types\/page"}],"author":[{"embeddable":true,"href":"https:\/\/www.mischa.org.uk\/index.php?rest_route=\/wp\/v2\/users\/1"}],"replies":[{"embeddable":true,"href":"https:\/\/www.mischa.org.uk\/index.php?rest_route=%2Fwp%2Fv2%2Fcomments&post=253"}],"version-history":[{"count":12,"href":"https:\/\/www.mischa.org.uk\/index.php?rest_route=\/wp\/v2\/pages\/253\/revisions"}],"predecessor-version":[{"id":292,"href":"https:\/\/www.mischa.org.uk\/index.php?rest_route=\/wp\/v2\/pages\/253\/revisions\/292"}],"wp:attachment":[{"href":"https:\/\/www.mischa.org.uk\/index.php?rest_route=%2Fwp%2Fv2%2Fmedia&parent=253"}],"curies":[{"name":"wp","href":"https:\/\/api.w.org\/{rel}","templated":true}]}}